{"id":157,"date":"2024-11-26T08:08:14","date_gmt":"2024-11-26T08:08:14","guid":{"rendered":"https:\/\/ftbmedia.ch\/?page_id=157"},"modified":"2024-11-26T17:34:27","modified_gmt":"2024-11-26T17:34:27","slug":"datenschutz","status":"publish","type":"page","link":"https:\/\/ftbmedia.ch\/en\/datenschutz\/","title":{"rendered":"Privacy Policy"},"content":{"rendered":"<p class=\"has-large-font-size\" style=\"margin-top:0;margin-right:var(--wp--preset--spacing--40);margin-bottom:var(--wp--preset--spacing--40);margin-left:var(--wp--preset--spacing--40);padding-top:var(--wp--preset--spacing--20);padding-right:var(--wp--preset--spacing--40);padding-bottom:var(--wp--preset--spacing--40);padding-left:var(--wp--preset--spacing--40)\"><strong>Privacy Policy<\/strong><\/p>\n\n\n\n<p class=\"has-ast-global-color-7-color has-text-color has-link-color wp-elements-eeafa4ba02e4ff94ac4f059316a54ffe\" style=\"margin-top:var(--wp--preset--spacing--40);margin-right:var(--wp--preset--spacing--40);margin-bottom:var(--wp--preset--spacing--40);margin-left:var(--wp--preset--spacing--40);padding-top:var(--wp--preset--spacing--20);padding-right:var(--wp--preset--spacing--40);padding-bottom:var(--wp--preset--spacing--20);padding-left:var(--wp--preset--spacing--40);font-size:18px;line-height:1\"><strong>1. Introduction<\/strong><br><br>FTB Media AG (hereinafter referred to as 'we', 'us', or 'our') is committed to protecting your personal data in accordance with the applicable data protection laws of Switzerland, particularly the revised Data Protection Act (revDSG), and, where applicable, the EU General Data Protection Regulation (GDPR). This privacy policy informs you about how we collect, use, store, and protect your data when you visit our website or use our services.<\/p>\n\n\n\n<p class=\"has-ast-global-color-7-color has-text-color has-link-color wp-elements-afc6fa03ca8f84df74b85159468f658f\" style=\"margin-top:var(--wp--preset--spacing--40);margin-right:var(--wp--preset--spacing--40);margin-bottom:var(--wp--preset--spacing--40);margin-left:var(--wp--preset--spacing--40);padding-right:var(--wp--preset--spacing--40);padding-left:var(--wp--preset--spacing--40);font-size:18px;line-height:1\"><strong>2. Data Controller<\/strong><br><br>Responsible for data processing is:<\/p>\n\n\n\n<p class=\"has-ast-global-color-8-color has-text-color has-link-color wp-elements-b6b32ec98bba983bcb14c2f4bf3c082d\" style=\"margin-top:var(--wp--preset--spacing--40);margin-right:var(--wp--preset--spacing--40);margin-bottom:var(--wp--preset--spacing--40);margin-left:var(--wp--preset--spacing--40);padding-top:var(--wp--preset--spacing--20);padding-right:var(--wp--preset--spacing--40);padding-bottom:var(--wp--preset--spacing--20);padding-left:var(--wp--preset--spacing--40);font-size:18px;line-height:1.1\">FTB Media AG<br>Neugasse 4<br>6300 Zug<br>Switzerland<br>\ud83d\udce7 Email: info@ftbmedia.ch<br>\ud83d\udcde Phone: +41 41 710 8689<\/p>\n\n\n\n<p class=\"has-ast-global-color-7-color has-text-color has-link-color wp-elements-8901fd604d3af549e6b1bbb1dc4915db\" style=\"margin-top:var(--wp--preset--spacing--40);margin-right:var(--wp--preset--spacing--40);margin-bottom:var(--wp--preset--spacing--40);margin-left:var(--wp--preset--spacing--40);padding-top:var(--wp--preset--spacing--20);padding-right:var(--wp--preset--spacing--40);padding-bottom:var(--wp--preset--spacing--20);padding-left:var(--wp--preset--spacing--40);font-size:18px;line-height:1\">If you have any questions regarding data protection, you can contact us using the contact details provided above.<\/p>\n\n\n\n<p class=\"has-ast-global-color-8-color has-text-color has-link-color wp-elements-b0cb478d1a2dcd94dd51619ea59d0853\" style=\"margin-top:var(--wp--preset--spacing--40);margin-right:var(--wp--preset--spacing--40);margin-bottom:var(--wp--preset--spacing--40);margin-left:var(--wp--preset--spacing--40);padding-top:var(--wp--preset--spacing--20);padding-right:var(--wp--preset--spacing--40);padding-bottom:var(--wp--preset--spacing--20);padding-left:var(--wp--preset--spacing--40);font-size:18px;line-height:1\"><strong>3. Collection and Processing of Personal Data<\/strong><br><br>We process your personal data only when it is legally permitted or you have expressly given your consent. The following data may be collected and processed by us:<\/p>\n\n\n\n<ul class=\"wp-block-list\">\n<li class=\"has-ast-global-color-7-color has-text-color has-link-color wp-elements-f30113e054cee48332d4bcc5e722596b\" style=\"margin-top:var(--wp--preset--spacing--30);margin-right:var(--wp--preset--spacing--40);margin-bottom:var(--wp--preset--spacing--30);margin-left:var(--wp--preset--spacing--40);padding-top:0;padding-right:var(--wp--preset--spacing--40);padding-bottom:0;padding-left:var(--wp--preset--spacing--40);font-size:18px;line-height:1.1\"><strong>When visiting the website:<\/strong> IP address, browser type, operating system, referrer URL, date and time of access.<\/li>\n\n\n\n<li class=\"has-ast-global-color-7-color has-text-color has-link-color wp-elements-db9aba75b2bd484802497ca0c0154abb\" style=\"margin-top:var(--wp--preset--spacing--30);margin-right:var(--wp--preset--spacing--40);margin-bottom:var(--wp--preset--spacing--30);margin-left:var(--wp--preset--spacing--40);padding-top:0;padding-right:var(--wp--preset--spacing--40);padding-bottom:0;padding-left:var(--wp--preset--spacing--40);font-size:18px;line-height:1.1\"><strong>When using the contact form:<\/strong> Name, email address, phone number, and your message.<\/li>\n\n\n\n<li class=\"has-ast-global-color-7-color has-text-color has-link-color wp-elements-43fb66f815c327c4a38a3629615665d8\" style=\"margin-top:var(--wp--preset--spacing--30);margin-right:var(--wp--preset--spacing--40);margin-bottom:var(--wp--preset--spacing--30);margin-left:var(--wp--preset--spacing--40);padding-top:0;padding-right:var(--wp--preset--spacing--40);padding-bottom:0;padding-left:var(--wp--preset--spacing--40);font-size:18px;line-height:1.1\"><strong>In the context of our services:<\/strong> Payment and billing information, contract details, and other relevant information necessary for the fulfillment of our services.<\/li>\n\n\n\n<li class=\"has-ast-global-color-7-color has-text-color has-link-color wp-elements-cc0fac46441c2bf310585ca2c08a3658\" style=\"margin-top:var(--wp--preset--spacing--30);margin-right:var(--wp--preset--spacing--40);margin-bottom:var(--wp--preset--spacing--30);margin-left:var(--wp--preset--spacing--40);padding-top:0;padding-right:var(--wp--preset--spacing--40);padding-bottom:0;padding-left:var(--wp--preset--spacing--40);font-size:18px;line-height:1.1\"><strong>Media<\/strong>: That you upload for publication on our platform.<\/li>\n<\/ul>\n\n\n\n<p class=\"has-black-color has-text-color has-link-color wp-elements-9296dc41c438c4e6e46eedf6a444b833\" style=\"margin-top:var(--wp--preset--spacing--40);margin-right:var(--wp--preset--spacing--40);margin-bottom:var(--wp--preset--spacing--40);margin-left:var(--wp--preset--spacing--40);padding-top:0;padding-right:var(--wp--preset--spacing--40);padding-bottom:0;padding-left:var(--wp--preset--spacing--40);font-size:18px;line-height:1\">The collection of this data is necessary to provide our services, optimize our website, and comply with legal obligations.<\/p>\n\n\n\n<p class=\"has-ast-global-color-7-color has-text-color has-link-color wp-elements-4ad94441dc14ab5b5bc485b60b4c38ae\" style=\"margin-top:var(--wp--preset--spacing--40);margin-right:var(--wp--preset--spacing--40);margin-bottom:var(--wp--preset--spacing--40);margin-left:var(--wp--preset--spacing--40);padding-top:var(--wp--preset--spacing--20);padding-right:var(--wp--preset--spacing--40);padding-bottom:var(--wp--preset--spacing--20);padding-left:var(--wp--preset--spacing--40);font-size:18px;line-height:1\"><strong>4. Purpose of Data Processing<\/strong><br><br>We use your personal data for the following purposes:<\/p>\n\n\n\n<ul style=\"margin-top:var(--wp--preset--spacing--30);margin-right:var(--wp--preset--spacing--40);margin-bottom:var(--wp--preset--spacing--30);margin-left:var(--wp--preset--spacing--40);font-size:18px;line-height:1.2\" class=\"wp-block-list has-ast-global-color-7-color has-text-color has-link-color wp-elements-992b27663c2cc7e64ed581ee6b0fae90\">\n<li style=\"margin-top:var(--wp--preset--spacing--40);margin-right:var(--wp--preset--spacing--40);margin-bottom:var(--wp--preset--spacing--40);margin-left:var(--wp--preset--spacing--40);padding-top:0;padding-right:var(--wp--preset--spacing--40);padding-bottom:0;padding-left:var(--wp--preset--spacing--40);line-height:1\">To provide and manage our services, particularly the management of community websites.<\/li>\n\n\n\n<li style=\"margin-top:var(--wp--preset--spacing--40);margin-right:var(--wp--preset--spacing--40);margin-bottom:var(--wp--preset--spacing--40);margin-left:var(--wp--preset--spacing--40);padding-top:0;padding-right:var(--wp--preset--spacing--40);padding-bottom:0;padding-left:var(--wp--preset--spacing--40);line-height:1\">To process payments and manage commissions.<\/li>\n\n\n\n<li style=\"margin-top:var(--wp--preset--spacing--40);margin-right:var(--wp--preset--spacing--40);margin-bottom:var(--wp--preset--spacing--40);margin-left:var(--wp--preset--spacing--40);padding-top:0;padding-right:var(--wp--preset--spacing--40);padding-bottom:0;padding-left:var(--wp--preset--spacing--40);line-height:1\">To communicate with you and respond to your inquiries.<\/li>\n\n\n\n<li style=\"margin-top:var(--wp--preset--spacing--40);margin-right:var(--wp--preset--spacing--40);margin-bottom:var(--wp--preset--spacing--40);margin-left:var(--wp--preset--spacing--40);padding-top:0;padding-right:var(--wp--preset--spacing--40);padding-bottom:0;padding-left:var(--wp--preset--spacing--40);line-height:1\">To analyze and improve our website.<\/li>\n\n\n\n<li style=\"margin-top:var(--wp--preset--spacing--40);margin-right:var(--wp--preset--spacing--40);margin-bottom:var(--wp--preset--spacing--40);margin-left:var(--wp--preset--spacing--40);padding-top:0;padding-right:var(--wp--preset--spacing--40);padding-bottom:0;padding-left:var(--wp--preset--spacing--40);line-height:1\">To fulfill legal and regulatory requirements.<\/li>\n<\/ul>\n\n\n\n<p class=\"has-ast-global-color-7-color has-text-color has-link-color wp-elements-8425eda6f7777c694ce28461b7cede04\" style=\"margin-top:var(--wp--preset--spacing--40);margin-right:var(--wp--preset--spacing--40);margin-bottom:var(--wp--preset--spacing--40);margin-left:var(--wp--preset--spacing--40);padding-top:var(--wp--preset--spacing--20);padding-right:var(--wp--preset--spacing--40);padding-bottom:var(--wp--preset--spacing--20);padding-left:var(--wp--preset--spacing--40);font-size:18px;line-height:1\"><strong>5. Disclosure to Third Parties<\/strong><br><br>Your data will only be shared with third parties if this is necessary to fulfill our contractual obligations, if you have explicitly consented, or if we are legally required to do so. Possible recipients include:<\/p>\n\n\n\n<ul class=\"wp-block-list\">\n<li class=\"has-ast-global-color-7-color has-text-color has-link-color wp-elements-ea21b6422c5cf20ef315b0cd791c4eb9\" style=\"margin-top:var(--wp--preset--spacing--40);margin-right:var(--wp--preset--spacing--40);margin-bottom:var(--wp--preset--spacing--40);margin-left:var(--wp--preset--spacing--40);padding-top:0;padding-right:var(--wp--preset--spacing--40);padding-bottom:0;padding-left:var(--wp--preset--spacing--40);font-size:18px;line-height:1.1\">Payment service providers and banks for processing payments.<\/li>\n\n\n\n<li class=\"has-ast-global-color-7-color has-text-color has-link-color wp-elements-b638a23ac56430a3481d48feb8f98eb7\" style=\"margin-top:var(--wp--preset--spacing--40);margin-right:var(--wp--preset--spacing--40);margin-bottom:var(--wp--preset--spacing--40);margin-left:var(--wp--preset--spacing--40);padding-right:var(--wp--preset--spacing--40);padding-left:var(--wp--preset--spacing--40);font-size:18px;line-height:1.2\">IT service providers for technical support and website hosting.<\/li>\n\n\n\n<li class=\"has-ast-global-color-7-color has-text-color has-link-color wp-elements-37a3eb0dc7f0e1b8dfc138436c949d8b\" style=\"margin-top:var(--wp--preset--spacing--40);margin-right:var(--wp--preset--spacing--40);margin-bottom:var(--wp--preset--spacing--40);margin-left:var(--wp--preset--spacing--40);padding-top:0;padding-right:var(--wp--preset--spacing--40);padding-bottom:0;padding-left:var(--wp--preset--spacing--40);font-size:18px;line-height:1.2\">Authorities and regulatory bodies, as required by law.<\/li>\n<\/ul>\n\n\n\n<p class=\"has-ast-global-color-7-color has-text-color has-link-color wp-elements-32c89eba581c7662fcd7fd72d73a223f\" style=\"margin-top:var(--wp--preset--spacing--40);margin-right:var(--wp--preset--spacing--40);margin-bottom:var(--wp--preset--spacing--40);margin-left:var(--wp--preset--spacing--40);padding-top:var(--wp--preset--spacing--20);padding-right:var(--wp--preset--spacing--40);padding-bottom:var(--wp--preset--spacing--20);padding-left:var(--wp--preset--spacing--40);font-size:18px;line-height:1\">We ensure that all third-party providers adhere to the same data protection standards as we do.<\/p>\n\n\n\n<p class=\"has-ast-global-color-7-color has-text-color has-link-color wp-elements-3e25a0672b11dc108c16f22a0631b163\" style=\"margin-top:var(--wp--preset--spacing--40);margin-right:var(--wp--preset--spacing--40);margin-bottom:var(--wp--preset--spacing--40);margin-left:var(--wp--preset--spacing--40);padding-top:var(--wp--preset--spacing--20);padding-right:var(--wp--preset--spacing--40);padding-bottom:var(--wp--preset--spacing--20);padding-left:var(--wp--preset--spacing--40);font-size:18px;line-height:1\"><strong>6. Data Retention<\/strong><br><br>Your personal data will only be stored for as long as necessary to fulfill the mentioned purposes or as required by legal retention periods.<\/p>\n\n\n\n<p class=\"has-ast-global-color-7-color has-text-color has-link-color wp-elements-2ef609a26e17296a763c57de207145ff\" style=\"margin-top:var(--wp--preset--spacing--40);margin-right:var(--wp--preset--spacing--40);margin-bottom:var(--wp--preset--spacing--40);margin-left:var(--wp--preset--spacing--40);padding-top:var(--wp--preset--spacing--20);padding-right:var(--wp--preset--spacing--40);padding-bottom:var(--wp--preset--spacing--20);padding-left:var(--wp--preset--spacing--40);font-size:18px;line-height:1\"><strong>7. Your Rights<\/strong><br><br>You have the right to:<\/p>\n\n\n\n<ul class=\"wp-block-list\">\n<li class=\"has-ast-global-color-7-color has-text-color has-link-color wp-elements-bb6bf613b2d60b155164e4928e492bed\" style=\"margin-top:var(--wp--preset--spacing--40);margin-right:var(--wp--preset--spacing--40);margin-bottom:var(--wp--preset--spacing--40);margin-left:var(--wp--preset--spacing--40);padding-right:var(--wp--preset--spacing--40);padding-left:var(--wp--preset--spacing--40);font-size:18px;line-height:1.1\">Obtain information about the processing of your personal data.<\/li>\n\n\n\n<li class=\"has-ast-global-color-7-color has-text-color has-link-color wp-elements-2a910e342c66a980925e1b29081b597a\" style=\"margin-top:var(--wp--preset--spacing--40);margin-right:var(--wp--preset--spacing--40);margin-bottom:var(--wp--preset--spacing--40);margin-left:var(--wp--preset--spacing--40);padding-right:var(--wp--preset--spacing--40);padding-left:var(--wp--preset--spacing--40);font-size:18px;line-height:1.1\">Request the correction of inaccurate or incomplete data.<\/li>\n\n\n\n<li class=\"has-ast-global-color-7-color has-text-color has-link-color wp-elements-2f1226a415cfa938880a4b144658d190\" style=\"margin-top:var(--wp--preset--spacing--40);margin-right:var(--wp--preset--spacing--40);margin-bottom:var(--wp--preset--spacing--40);margin-left:var(--wp--preset--spacing--40);padding-right:var(--wp--preset--spacing--40);padding-left:var(--wp--preset--spacing--40);font-size:18px;line-height:1.1\">Request the deletion of your data, provided that there are no legal retention obligations.<\/li>\n\n\n\n<li class=\"has-ast-global-color-7-color has-text-color has-link-color wp-elements-8c0ec1a60b6371201bc64cd78d2acf06\" style=\"margin-top:var(--wp--preset--spacing--40);margin-right:var(--wp--preset--spacing--40);margin-bottom:var(--wp--preset--spacing--40);margin-left:var(--wp--preset--spacing--40);padding-right:var(--wp--preset--spacing--40);padding-left:var(--wp--preset--spacing--40);font-size:18px;line-height:1.1\">Request the restriction of data processing.<\/li>\n\n\n\n<li class=\"has-ast-global-color-7-color has-text-color has-link-color wp-elements-76966ead45fb52a08c86fe943221c7d4\" style=\"margin-top:var(--wp--preset--spacing--40);margin-right:var(--wp--preset--spacing--40);margin-bottom:var(--wp--preset--spacing--40);margin-left:var(--wp--preset--spacing--40);padding-right:var(--wp--preset--spacing--40);padding-left:var(--wp--preset--spacing--40);font-size:18px;line-height:1.1\">Object to the processing of your data.<\/li>\n\n\n\n<li class=\"has-ast-global-color-7-color has-text-color has-link-color wp-elements-85b1e9bdfb4585ca312a7ca2b9a57b9d\" style=\"margin-top:var(--wp--preset--spacing--40);margin-right:var(--wp--preset--spacing--40);margin-bottom:var(--wp--preset--spacing--40);margin-left:var(--wp--preset--spacing--40);padding-right:var(--wp--preset--spacing--40);padding-left:var(--wp--preset--spacing--40);font-size:18px;line-height:1.1\">Receive your data in a transferable format (data portability).<\/li>\n<\/ul>\n\n\n\n<p class=\"has-ast-global-color-7-color has-text-color has-link-color wp-elements-7d037b5e22ffb8a95c0ba5ca51c176f6\" style=\"margin-top:var(--wp--preset--spacing--40);margin-right:var(--wp--preset--spacing--40);margin-bottom:var(--wp--preset--spacing--40);margin-left:var(--wp--preset--spacing--40);padding-top:var(--wp--preset--spacing--20);padding-right:var(--wp--preset--spacing--40);padding-bottom:var(--wp--preset--spacing--20);padding-left:var(--wp--preset--spacing--40);font-size:18px;line-height:1\">Please contact the address provided above to exercise these rights.<\/p>\n\n\n\n<p class=\"has-ast-global-color-7-color has-text-color has-link-color wp-elements-7fb3b9d86c05e5a4d64060e841be4022\" style=\"margin-top:var(--wp--preset--spacing--40);margin-right:var(--wp--preset--spacing--40);margin-bottom:var(--wp--preset--spacing--40);margin-left:var(--wp--preset--spacing--40);padding-top:var(--wp--preset--spacing--20);padding-right:var(--wp--preset--spacing--40);padding-bottom:var(--wp--preset--spacing--20);padding-left:var(--wp--preset--spacing--40);font-size:18px;line-height:1\"><strong>8. Data Security<\/strong><br><br>We implement appropriate technical and organizational measures to protect your personal data from unauthorized access, loss, or misuse.<\/p>\n\n\n\n<p class=\"has-ast-global-color-7-color has-text-color has-link-color wp-elements-8345b7cefb9899386c52eb3252878ea2\" style=\"margin-top:var(--wp--preset--spacing--40);margin-right:var(--wp--preset--spacing--40);margin-bottom:var(--wp--preset--spacing--40);margin-left:var(--wp--preset--spacing--40);padding-top:var(--wp--preset--spacing--20);padding-right:var(--wp--preset--spacing--40);padding-bottom:var(--wp--preset--spacing--20);padding-left:var(--wp--preset--spacing--40);font-size:18px;line-height:1\"><strong>9. Changes to the Privacy Policy<\/strong><br><br>We reserve the right to update this privacy policy as needed to reflect changes in legislation or our services. The current version can always be found on our website.<\/p>\n\n\n\n<p class=\"has-ast-global-color-7-color has-text-color has-link-color wp-elements-52d9f0ed9d115f3c3d4bdf1f59ad4994\" style=\"margin-top:var(--wp--preset--spacing--40);margin-right:var(--wp--preset--spacing--40);margin-bottom:var(--wp--preset--spacing--40);margin-left:var(--wp--preset--spacing--40);padding-top:var(--wp--preset--spacing--20);padding-right:var(--wp--preset--spacing--40);padding-bottom:var(--wp--preset--spacing--20);padding-left:var(--wp--preset--spacing--40);font-size:18px;line-height:1\"><strong>10. Contact<\/strong><br><br>If you have any questions or concerns regarding our privacy policy, you can contact us using the details provided above.<\/p>\n\n\n\n<p class=\"has-ast-global-color-7-color has-text-color has-link-color wp-elements-f544c3279d32f895076ab9ebd1b9b9df\" style=\"margin-top:var(--wp--preset--spacing--40);margin-right:var(--wp--preset--spacing--40);margin-bottom:var(--wp--preset--spacing--40);margin-left:var(--wp--preset--spacing--40);font-size:18px;line-height:1\"><\/p>\n\n\n\n<p class=\"has-ast-global-color-7-color has-text-color has-link-color wp-elements-f544c3279d32f895076ab9ebd1b9b9df\" style=\"margin-top:var(--wp--preset--spacing--40);margin-right:var(--wp--preset--spacing--40);margin-bottom:var(--wp--preset--spacing--40);margin-left:var(--wp--preset--spacing--40);font-size:18px;line-height:1\"><\/p>\n\n\n\n<p class=\"has-ast-global-color-7-color has-text-color has-link-color wp-elements-f544c3279d32f895076ab9ebd1b9b9df\" style=\"margin-top:var(--wp--preset--spacing--40);margin-right:var(--wp--preset--spacing--40);margin-bottom:var(--wp--preset--spacing--40);margin-left:var(--wp--preset--spacing--40);font-size:18px;line-height:1\"><\/p>\n\n\n\n<p class=\"has-ast-global-color-7-color has-text-color has-link-color wp-elements-6f97d4979ace435487766377ca85859e\" style=\"margin-top:0;margin-right:0;margin-bottom:0;margin-left:0;font-size:18px;line-height:1\"><\/p>\n\n\n\n<p class=\"has-ast-global-color-7-color has-text-color has-link-color wp-elements-6f97d4979ace435487766377ca85859e\" style=\"margin-top:0;margin-right:0;margin-bottom:0;margin-left:0;font-size:18px;line-height:1\"><\/p>\n\n\n\n<p class=\"has-ast-global-color-7-color has-text-color has-link-color wp-elements-6f97d4979ace435487766377ca85859e\" style=\"margin-top:0;margin-right:0;margin-bottom:0;margin-left:0;font-size:18px;line-height:1\"><\/p>\n\n\n\n<p class=\"has-ast-global-color-7-color has-text-color has-link-color wp-elements-53d6a8da20ec2150987083ec617bf0bd\" style=\"font-size:18px;line-height:1\"><\/p>\n\n\n\n<p><\/p>\n\n\n\n<div class=\"wp-block-uagb-image aligncenter uagb-block-18db436c wp-block-uagb-image--layout-default wp-block-uagb-image--effect-static wp-block-uagb-image--align-center\"><figure class=\"wp-block-uagb-image__figure\"><img loading=\"lazy\" decoding=\"async\" srcset=\"https:\/\/ftbmedia.ch\/wp-content\/uploads\/2024\/11\/business-1137366_1280-300x212.jpg ,https:\/\/ftbmedia.ch\/wp-content\/uploads\/2024\/11\/business-1137366_1280.jpg 780w, https:\/\/ftbmedia.ch\/wp-content\/uploads\/2024\/11\/business-1137366_1280.jpg 360w\" sizes=\"auto, (max-width: 480px) 150px\" src=\"https:\/\/ftbmedia.ch\/wp-content\/uploads\/2024\/11\/business-1137366_1280-300x212.jpg\" alt=\"\" class=\"uag-image-323\" width=\"300\" height=\"212\" title=\"business-1137366_1280\" role=\"img\"\/><\/figure><\/div>","protected":false},"excerpt":{"rendered":"<p>Datenschutzerkl\u00e4rung 1. Einleitung Die FTB Media AG (nachfolgend &#8222;wir&#8220;, &#8222;uns&#8220; oder &#8222;unser&#8220;) verpflichtet sich, Ihre pers\u00f6nlichen Daten gem\u00e4\u00df den geltenden [&hellip;]<\/p>","protected":false},"author":2,"featured_media":0,"parent":0,"menu_order":0,"comment_status":"closed","ping_status":"closed","template":"","meta":{"om_disable_all_campaigns":false,"_uag_custom_page_level_css":"","site-sidebar-layout":"default","site-content-layout":"","ast-site-content-layout":"","site-content-style":"default","site-sidebar-style":"default","ast-global-header-display":"","ast-banner-title-visibility":"","ast-main-header-display":"","ast-hfb-above-header-display":"","ast-hfb-below-header-display":"","ast-hfb-mobile-header-display":"","site-post-title":"disabled","ast-breadcrumbs-content":"","ast-featured-img":"","footer-sml-layout":"","theme-transparent-header-meta":"","adv-header-id-meta":"","stick-header-meta":"","header-above-stick-meta":"","header-main-stick-meta":"","header-below-stick-meta":"","astra-migrate-meta-layouts":"default","ast-page-background-enabled":"default","ast-page-background-meta":{"desktop":{"background-color":"var(--ast-global-color-4)","background-image":"","background-repeat":"repeat","background-position":"center center","background-size":"auto","background-attachment":"scroll","background-type":"","background-media":"","overlay-type":"","overlay-color":"","overlay-opacity":"","overlay-gradient":""},"tablet":{"background-color":"","background-image":"","background-repeat":"repeat","background-position":"center center","background-size":"auto","background-attachment":"scroll","background-type":"","background-media":"","overlay-type":"","overlay-color":"","overlay-opacity":"","overlay-gradient":""},"mobile":{"background-color":"","background-image":"","background-repeat":"repeat","background-position":"center center","background-size":"auto","background-attachment":"scroll","background-type":"","background-media":"","overlay-type":"","overlay-color":"","overlay-opacity":"","overlay-gradient":""}},"ast-content-background-meta":{"desktop":{"background-color":"var(--ast-global-color-5)","background-image":"","background-repeat":"repeat","background-position":"center center","background-size":"auto","background-attachment":"scroll","background-type":"","background-media":"","overlay-type":"","overlay-color":"","overlay-opacity":"","overlay-gradient":""},"tablet":{"background-color":"var(--ast-global-color-5)","background-image":"","background-repeat":"repeat","background-position":"center center","background-size":"auto","background-attachment":"scroll","background-type":"","background-media":"","overlay-type":"","overlay-color":"","overlay-opacity":"","overlay-gradient":""},"mobile":{"background-color":"var(--ast-global-color-5)","background-image":"","background-repeat":"repeat","background-position":"center center","background-size":"auto","background-attachment":"scroll","background-type":"","background-media":"","overlay-type":"","overlay-color":"","overlay-opacity":"","overlay-gradient":""}},"footnotes":""},"class_list":["post-157","page","type-page","status-publish","hentry"],"aioseo_notices":[],"uagb_featured_image_src":{"full":false,"thumbnail":false,"medium":false,"medium_large":false,"large":false,"1536x1536":false,"2048x2048":false,"trp-custom-language-flag":false},"uagb_author_info":{"display_name":"Alexandra Remers","author_link":"https:\/\/ftbmedia.ch\/en\/author\/alex\/"},"uagb_comment_info":0,"uagb_excerpt":"Datenschutzerkl\u00e4rung 1. Einleitung Die FTB Media AG (nachfolgend &#8222;wir&#8220;, &#8222;uns&#8220; oder &#8222;unser&#8220;) verpflichtet sich, Ihre pers\u00f6nlichen Daten gem\u00e4\u00df den geltenden [&hellip;]","_links":{"self":[{"href":"https:\/\/ftbmedia.ch\/en\/wp-json\/wp\/v2\/pages\/157","targetHints":{"allow":["GET"]}}],"collection":[{"href":"https:\/\/ftbmedia.ch\/en\/wp-json\/wp\/v2\/pages"}],"about":[{"href":"https:\/\/ftbmedia.ch\/en\/wp-json\/wp\/v2\/types\/page"}],"author":[{"embeddable":true,"href":"https:\/\/ftbmedia.ch\/en\/wp-json\/wp\/v2\/users\/2"}],"replies":[{"embeddable":true,"href":"https:\/\/ftbmedia.ch\/en\/wp-json\/wp\/v2\/comments?post=157"}],"version-history":[{"count":26,"href":"https:\/\/ftbmedia.ch\/en\/wp-json\/wp\/v2\/pages\/157\/revisions"}],"predecessor-version":[{"id":422,"href":"https:\/\/ftbmedia.ch\/en\/wp-json\/wp\/v2\/pages\/157\/revisions\/422"}],"wp:attachment":[{"href":"https:\/\/ftbmedia.ch\/en\/wp-json\/wp\/v2\/media?parent=157"}],"curies":[{"name":"wp","href":"https:\/\/api.w.org\/{rel}","templated":true}]}}